{"id":3515,"date":"2023-08-07T10:10:34","date_gmt":"2023-08-07T01:10:34","guid":{"rendered":"https:\/\/stellarize.co.jp\/products\/"},"modified":"2023-11-03T10:18:44","modified_gmt":"2023-11-03T01:18:44","slug":"products","status":"publish","type":"page","link":"https:\/\/stellarize.co.jp\/es\/products\/","title":{"rendered":"PRODUCTS"},"content":{"rendered":"\t\t<div data-elementor-type=\"wp-page\" data-elementor-id=\"3515\" class=\"elementor elementor-3515 elementor-453\" data-elementor-post-type=\"page\">\n\t\t\t\t\t\t\t\t\t<section class=\"elementor-section elementor-top-section elementor-element elementor-element-8f979fc elementor-section-full_width elementor-section-height-min-height elementor-section-height-default elementor-section-items-middle\" data-id=\"8f979fc\" data-element_type=\"section\" id=\"sub_bnr_section\" data-settings=\"{&quot;jet_parallax_layout_list&quot;:[],&quot;background_background&quot;:&quot;classic&quot;}\">\n\t\t\t\t\t\t<div class=\"elementor-container elementor-column-gap-default\">\n\t\t\t\t\t<div class=\"elementor-column elementor-col-100 elementor-top-column elementor-element elementor-element-ce60325 sub_menu_wrap\" data-id=\"ce60325\" data-element_type=\"column\">\n\t\t\t<div class=\"elementor-widget-wrap elementor-element-populated\">\n\t\t\t\t\t\t\t\t<div class=\"elementor-element elementor-element-e3480d4 font elementor-widget elementor-widget-html\" data-id=\"e3480d4\" data-element_type=\"widget\" data-widget_type=\"html.default\">\n\t\t\t\t<div class=\"elementor-widget-container\">\n\t\t\t<!-- sub-nav -->\r\n<div class=\"sub-nav\">\r\n    <div class=\"container\">\r\n        <div class=\"home-ico-box\">\r\n        <a href=\"\/es\/home\">\r\n        <svg width=\"19\" height=\"19\" fill=\"none\" xmlns=\"http:\/\/www.w3.org\/2000\/svg\"><path d=\"M15.833 15.834a.792.792 0 0 1-.792.791H3.958a.792.792 0 0 1-.792-.791V8.709H.791l8.176-7.433a.792.792 0 0 1 1.065 0l8.176 7.433h-2.375v7.125Zm-7.125-5.542v4.75h1.583v-4.75H8.708Z\" fill=\"#fff\"\/><\/svg>\r\n        <\/a>\r\n        <\/div>\r\n    <ul class=\"sub-nav-cont\">\r\n    <li class=\"sub-depth\">\r\n    <a href=\"javascript:void(0);\">\r\n    PRODUCTOS\r\n    <svg xmlns=\"http:\/\/www.w3.org\/2000\/svg\" width=\"14\" height=\"15\" fill=\"none\"><path stroke=\"#fff\" stroke-linecap=\"round\" stroke-width=\"1.5\" d=\"m2.916 5.167 3.707 4.237a.5.5 0 0 0 .753 0l3.707-4.237\"\/><\/svg>\r\n\r\n    <\/a>\r\n    <ul class=\"sub-depth2\">\r\n        <li><a class=\"font\" href=\"\/es\/about-us\/\">ACERCA DE NOSOTROS<\/a><\/li>\r\n        <li><a class=\"font\" href=\"\/es\/bac-gold\">BAC-GOLD\u00ae<\/a><\/li>\r\n        <li><a class=\"font\" href=\"\/es\/news\/\">NOTICIAS<\/a><\/li>\r\n        <li><a class=\"font\" href=\"\/es\/contact\/\">CONTACTO<\/a><\/li>\r\n    <\/ul>\r\n    <\/li>\r\n    <li class=\"sub-depth-light sub-depth\">\r\n    <a class=\"font\" href=\"javascript:void(0);\">\r\n    LISTA DE PRODUCTOS\r\n    <svg xmlns=\"http:\/\/www.w3.org\/2000\/svg\" width=\"14\" height=\"15\" fill=\"none\"><path stroke=\"#fff\" stroke-linecap=\"round\" stroke-width=\"1.5\" d=\"m2.916 5.167 3.707 4.237a.5.5 0 0 0 .753 0l3.707-4.237\"\/><\/svg>\r\n    <\/a>\r\n    <ul class=\"sub-depth2\">\r\n    <li><a class=\"font\" href=\"\/es\/products\/bac-gold-p\/\">SALUD ANIMAL<\/a><\/li>\r\n    <li><a class=\"fontk\" href=\"\/es\/products\/bac-gold-aqua\/\">ACUACULTURA<\/a><\/li>\r\n    <li><a class=\"font\" href=\"\/es\/products\/bac-gold-bs\/\">AGRICULTURA<\/a><\/li>\r\n    <li><a class=\"font\" href=\"\/es\/products\/nanosoy-blossom\/\">CUIDADO PERSONAL<\/a><\/li>\r\n    <li><a class=\"font\" href=\"\/es\/products\/nanosoy-pro\/\">INDUSTRIAL<\/a><\/li>\r\n    <li><a class=\"font\" href=\"\/es\/products\/sr7\/\">DISPOSITIVOS TECNOL\u00d3GICOS<\/a><\/li>\r\n    <\/ul>\r\n    <\/li>\r\n    <\/ul>\r\n    <\/div>\r\n<\/div>\r\n<!-- \/\/sub-nav -->\t\t<\/div>\n\t\t\t\t<\/div>\n\t\t\t\t\t<\/div>\n\t\t<\/div>\n\t\t\t\t\t\t\t<\/div>\n\t\t<\/section>\n\t\t\t\t<section class=\"elementor-section elementor-top-section elementor-element elementor-element-98f7c6f elementor-section-boxed elementor-section-height-default elementor-section-height-default\" data-id=\"98f7c6f\" data-element_type=\"section\" data-settings=\"{&quot;jet_parallax_layout_list&quot;:[]}\">\n\t\t\t\t\t\t<div class=\"elementor-container elementor-column-gap-default\">\n\t\t\t\t\t<div class=\"elementor-column elementor-col-100 elementor-top-column elementor-element elementor-element-23b97d7\" data-id=\"23b97d7\" data-element_type=\"column\">\n\t\t\t<div class=\"elementor-widget-wrap elementor-element-populated\">\n\t\t\t\t\t\t\t\t<div class=\"elementor-element elementor-element-56068fd font elementor-widget elementor-widget-heading\" data-id=\"56068fd\" data-element_type=\"widget\" data-widget_type=\"heading.default\">\n\t\t\t\t<div class=\"elementor-widget-container\">\n\t\t\t<style>\/*! elementor - v3.14.0 - 26-06-2023 *\/\n.elementor-heading-title{padding:0;margin:0;line-height:1}.elementor-widget-heading .elementor-heading-title[class*=elementor-size-]>a{color:inherit;font-size:inherit;line-height:inherit}.elementor-widget-heading .elementor-heading-title.elementor-size-small{font-size:15px}.elementor-widget-heading .elementor-heading-title.elementor-size-medium{font-size:19px}.elementor-widget-heading .elementor-heading-title.elementor-size-large{font-size:29px}.elementor-widget-heading .elementor-heading-title.elementor-size-xl{font-size:39px}.elementor-widget-heading .elementor-heading-title.elementor-size-xxl{font-size:59px}<\/style><h2 class=\"elementor-heading-title elementor-size-default\">PRODUCTOS<\/h2>\t\t<\/div>\n\t\t\t\t<\/div>\n\t\t\t\t<div class=\"elementor-element elementor-element-7d79bc5 font elementor-widget elementor-widget-text-editor\" data-id=\"7d79bc5\" data-element_type=\"widget\" data-widget_type=\"text-editor.default\">\n\t\t\t\t<div class=\"elementor-widget-container\">\n\t\t\t<style>\/*! elementor - v3.14.0 - 26-06-2023 *\/\n.elementor-widget-text-editor.elementor-drop-cap-view-stacked .elementor-drop-cap{background-color:#69727d;color:#fff}.elementor-widget-text-editor.elementor-drop-cap-view-framed .elementor-drop-cap{color:#69727d;border:3px solid;background-color:transparent}.elementor-widget-text-editor:not(.elementor-drop-cap-view-default) .elementor-drop-cap{margin-top:8px}.elementor-widget-text-editor:not(.elementor-drop-cap-view-default) .elementor-drop-cap-letter{width:1em;height:1em}.elementor-widget-text-editor .elementor-drop-cap{float:left;text-align:center;line-height:1;font-size:50px}.elementor-widget-text-editor .elementor-drop-cap-letter{display:inline-block}<\/style>\t\t\t\tSTELLARIZE Inc., junto con sus socios est\u00e1 ampliando su cartera de productos de alta calidad e invirtiendo en investigaci\u00f3n<br class=\"br04\" \/> y desarrollo de nuevas soluciones para ofrecer a nuestros clientes a nivel global. \t\t\t\t\t\t<\/div>\n\t\t\t\t<\/div>\n\t\t\t\t<section class=\"elementor-section elementor-inner-section elementor-element elementor-element-4f65407 elementor-section-full_width elementor-section-height-default elementor-section-height-default elementor-invisible\" data-id=\"4f65407\" data-element_type=\"section\" data-settings=\"{&quot;jet_parallax_layout_list&quot;:[],&quot;animation&quot;:&quot;fadeIn&quot;}\">\n\t\t\t\t\t\t<div class=\"elementor-container elementor-column-gap-default\">\n\t\t\t\t\t<div class=\"elementor-column elementor-col-50 elementor-inner-column elementor-element elementor-element-f7d385f\" data-id=\"f7d385f\" data-element_type=\"column\">\n\t\t\t<div class=\"elementor-widget-wrap elementor-element-populated\">\n\t\t\t\t\t\t\t\t<div class=\"elementor-element elementor-element-d340077 elementor-cta--skin-cover font pro_card elementor-bg-transform elementor-bg-transform-zoom-in elementor-widget elementor-widget-call-to-action\" data-id=\"d340077\" data-element_type=\"widget\" data-widget_type=\"call-to-action.default\">\n\t\t\t\t<div class=\"elementor-widget-container\">\n\t\t\t<link rel=\"stylesheet\" href=\"https:\/\/stellarize.co.jp\/wp-content\/plugins\/elementor-pro\/assets\/css\/widget-call-to-action.min.css\">\t\t<div class=\"elementor-cta\">\n\t\t\t\t\t<div class=\"elementor-cta__bg-wrapper\">\n\t\t\t\t<div class=\"elementor-cta__bg elementor-bg\" style=\"background-image: url(https:\/\/stellarize.co.jp\/wp-content\/uploads\/2023\/08\/product_img01-1.jpg);\" role=\"img\" aria-label=\"product_img01-1\"><\/div>\n\t\t\t\t<div class=\"elementor-cta__bg-overlay\"><\/div>\n\t\t\t<\/div>\n\t\t\t\t\t\t\t<div class=\"elementor-cta__content\">\n\t\t\t\t\n\t\t\t\t<h2 class=\"elementor-cta__title elementor-cta__content-item elementor-content-item\">SALUD ANIMAL<\/h2>\n\t\t\t\t\n\t\t\t\t\t\t\t\t\t<div class=\"elementor-cta__button-wrapper elementor-cta__content-item elementor-content-item \">\n\t\t\t\t\t<a class=\"elementor-cta__button elementor-button elementor-size-sm\" href=\"\/es\/products\/bac-gold-p\/\">\n\t\t\t\t\t\tVer m\u00e1s<img decoding=\"async\" src=\"\/wp-content\/uploads\/2023\/08\/arrow-o02.svg\">\t\t\t\t\t<\/a>\n\t\t\t\t\t<\/div>\n\t\t\t\t\t\t\t<\/div>\n\t\t\t\t\t\t<\/div>\n\t\t\t\t<\/div>\n\t\t\t\t<\/div>\n\t\t\t\t\t<\/div>\n\t\t<\/div>\n\t\t\t\t<div class=\"elementor-column elementor-col-50 elementor-inner-column elementor-element elementor-element-19669f2\" data-id=\"19669f2\" data-element_type=\"column\">\n\t\t\t<div class=\"elementor-widget-wrap elementor-element-populated\">\n\t\t\t\t\t\t\t\t<div class=\"elementor-element elementor-element-cf97f82 elementor-cta--skin-cover font pro_card elementor-bg-transform elementor-bg-transform-zoom-in elementor-widget elementor-widget-call-to-action\" data-id=\"cf97f82\" data-element_type=\"widget\" data-widget_type=\"call-to-action.default\">\n\t\t\t\t<div class=\"elementor-widget-container\">\n\t\t\t\t\t<div class=\"elementor-cta\">\n\t\t\t\t\t<div class=\"elementor-cta__bg-wrapper\">\n\t\t\t\t<div class=\"elementor-cta__bg elementor-bg\" style=\"background-image: url(https:\/\/stellarize.co.jp\/wp-content\/uploads\/2023\/08\/product_img02.jpg);\" role=\"img\" aria-label=\"product_img02\"><\/div>\n\t\t\t\t<div class=\"elementor-cta__bg-overlay\"><\/div>\n\t\t\t<\/div>\n\t\t\t\t\t\t\t<div class=\"elementor-cta__content\">\n\t\t\t\t\n\t\t\t\t<h2 class=\"elementor-cta__title elementor-cta__content-item elementor-content-item\">ACUACULTURA<\/h2>\n\t\t\t\t\n\t\t\t\t\t\t\t\t\t<div class=\"elementor-cta__button-wrapper elementor-cta__content-item elementor-content-item \">\n\t\t\t\t\t<a class=\"elementor-cta__button elementor-button elementor-size-sm\" href=\"\/es\/products\/bac-gold-aqua\/\">\n\t\t\t\t\t\tVer m\u00e1s<img decoding=\"async\" src=\"\/wp-content\/uploads\/2023\/08\/arrow-o02.svg\">\t\t\t\t\t<\/a>\n\t\t\t\t\t<\/div>\n\t\t\t\t\t\t\t<\/div>\n\t\t\t\t\t\t<\/div>\n\t\t\t\t<\/div>\n\t\t\t\t<\/div>\n\t\t\t\t\t<\/div>\n\t\t<\/div>\n\t\t\t\t\t\t\t<\/div>\n\t\t<\/section>\n\t\t\t\t<section class=\"elementor-section elementor-inner-section elementor-element elementor-element-810e60d elementor-section-full_width elementor-section-height-default elementor-section-height-default elementor-invisible\" data-id=\"810e60d\" data-element_type=\"section\" data-settings=\"{&quot;jet_parallax_layout_list&quot;:[],&quot;animation&quot;:&quot;fadeIn&quot;}\">\n\t\t\t\t\t\t<div class=\"elementor-container elementor-column-gap-default\">\n\t\t\t\t\t<div class=\"elementor-column elementor-col-50 elementor-inner-column elementor-element elementor-element-fbc277d\" data-id=\"fbc277d\" data-element_type=\"column\">\n\t\t\t<div class=\"elementor-widget-wrap elementor-element-populated\">\n\t\t\t\t\t\t\t\t<div class=\"elementor-element elementor-element-642fba3 elementor-cta--skin-cover font pro_card elementor-bg-transform elementor-bg-transform-zoom-in elementor-widget elementor-widget-call-to-action\" data-id=\"642fba3\" data-element_type=\"widget\" data-widget_type=\"call-to-action.default\">\n\t\t\t\t<div class=\"elementor-widget-container\">\n\t\t\t\t\t<div class=\"elementor-cta\">\n\t\t\t\t\t<div class=\"elementor-cta__bg-wrapper\">\n\t\t\t\t<div class=\"elementor-cta__bg elementor-bg\" style=\"background-image: url(https:\/\/stellarize.co.jp\/wp-content\/uploads\/2023\/08\/product_img03.jpg);\" role=\"img\" aria-label=\"product_img03\"><\/div>\n\t\t\t\t<div class=\"elementor-cta__bg-overlay\"><\/div>\n\t\t\t<\/div>\n\t\t\t\t\t\t\t<div class=\"elementor-cta__content\">\n\t\t\t\t\n\t\t\t\t<h2 class=\"elementor-cta__title elementor-cta__content-item elementor-content-item\">AGRICULTURA<\/h2>\n\t\t\t\t\n\t\t\t\t\t\t\t\t\t<div class=\"elementor-cta__button-wrapper elementor-cta__content-item elementor-content-item \">\n\t\t\t\t\t<a class=\"elementor-cta__button elementor-button elementor-size-sm\" href=\"\/es\/products\/bac-gold-bs\/\">\n\t\t\t\t\t\tVer m\u00e1s<img decoding=\"async\" src=\"\/wp-content\/uploads\/2023\/08\/arrow-o02.svg\">\t\t\t\t\t<\/a>\n\t\t\t\t\t<\/div>\n\t\t\t\t\t\t\t<\/div>\n\t\t\t\t\t\t<\/div>\n\t\t\t\t<\/div>\n\t\t\t\t<\/div>\n\t\t\t\t\t<\/div>\n\t\t<\/div>\n\t\t\t\t<div class=\"elementor-column elementor-col-50 elementor-inner-column elementor-element elementor-element-34d3d55\" data-id=\"34d3d55\" data-element_type=\"column\">\n\t\t\t<div class=\"elementor-widget-wrap elementor-element-populated\">\n\t\t\t\t\t\t\t\t<div class=\"elementor-element elementor-element-032d3ca elementor-cta--skin-cover font pro_card elementor-bg-transform elementor-bg-transform-zoom-in elementor-widget elementor-widget-call-to-action\" data-id=\"032d3ca\" data-element_type=\"widget\" data-widget_type=\"call-to-action.default\">\n\t\t\t\t<div class=\"elementor-widget-container\">\n\t\t\t\t\t<div class=\"elementor-cta\">\n\t\t\t\t\t<div class=\"elementor-cta__bg-wrapper\">\n\t\t\t\t<div class=\"elementor-cta__bg elementor-bg\" style=\"background-image: url(https:\/\/stellarize.co.jp\/wp-content\/uploads\/2023\/08\/product_img04.jpg);\" role=\"img\" aria-label=\"product_img04\"><\/div>\n\t\t\t\t<div class=\"elementor-cta__bg-overlay\"><\/div>\n\t\t\t<\/div>\n\t\t\t\t\t\t\t<div class=\"elementor-cta__content\">\n\t\t\t\t\n\t\t\t\t<h2 class=\"elementor-cta__title elementor-cta__content-item elementor-content-item\">CUIDADO PERSONAL<\/h2>\n\t\t\t\t\n\t\t\t\t\t\t\t\t\t<div class=\"elementor-cta__button-wrapper elementor-cta__content-item elementor-content-item \">\n\t\t\t\t\t<a class=\"elementor-cta__button elementor-button elementor-size-sm\" href=\"\/es\/products\/nanosoy-blossom\/\">\n\t\t\t\t\t\tVer m\u00e1s<img decoding=\"async\" src=\"\/wp-content\/uploads\/2023\/08\/arrow-o02.svg\">\t\t\t\t\t<\/a>\n\t\t\t\t\t<\/div>\n\t\t\t\t\t\t\t<\/div>\n\t\t\t\t\t\t<\/div>\n\t\t\t\t<\/div>\n\t\t\t\t<\/div>\n\t\t\t\t\t<\/div>\n\t\t<\/div>\n\t\t\t\t\t\t\t<\/div>\n\t\t<\/section>\n\t\t\t\t<section class=\"elementor-section elementor-inner-section elementor-element elementor-element-1ca7266 elementor-section-full_width elementor-section-height-default elementor-section-height-default elementor-invisible\" data-id=\"1ca7266\" data-element_type=\"section\" data-settings=\"{&quot;jet_parallax_layout_list&quot;:[],&quot;animation&quot;:&quot;fadeIn&quot;}\">\n\t\t\t\t\t\t<div class=\"elementor-container elementor-column-gap-default\">\n\t\t\t\t\t<div class=\"elementor-column elementor-col-50 elementor-inner-column elementor-element elementor-element-87b2060\" data-id=\"87b2060\" data-element_type=\"column\">\n\t\t\t<div class=\"elementor-widget-wrap elementor-element-populated\">\n\t\t\t\t\t\t\t\t<div class=\"elementor-element elementor-element-55ba899 elementor-cta--skin-cover font pro_card elementor-bg-transform elementor-bg-transform-zoom-in elementor-widget elementor-widget-call-to-action\" data-id=\"55ba899\" data-element_type=\"widget\" data-widget_type=\"call-to-action.default\">\n\t\t\t\t<div class=\"elementor-widget-container\">\n\t\t\t\t\t<div class=\"elementor-cta\">\n\t\t\t\t\t<div class=\"elementor-cta__bg-wrapper\">\n\t\t\t\t<div class=\"elementor-cta__bg elementor-bg\" style=\"background-image: url(https:\/\/stellarize.co.jp\/wp-content\/uploads\/2023\/08\/product_img05.jpg);\" role=\"img\" aria-label=\"product_img05\"><\/div>\n\t\t\t\t<div class=\"elementor-cta__bg-overlay\"><\/div>\n\t\t\t<\/div>\n\t\t\t\t\t\t\t<div class=\"elementor-cta__content\">\n\t\t\t\t\n\t\t\t\t<h2 class=\"elementor-cta__title elementor-cta__content-item elementor-content-item\">INDUSTRIAL<\/h2>\n\t\t\t\t\n\t\t\t\t\t\t\t\t\t<div class=\"elementor-cta__button-wrapper elementor-cta__content-item elementor-content-item \">\n\t\t\t\t\t<a class=\"elementor-cta__button elementor-button elementor-size-sm\" href=\"\/es\/products\/nanosoy-pro\/\">\n\t\t\t\t\t\tVer m\u00e1s<img decoding=\"async\" src=\"\/wp-content\/uploads\/2023\/08\/arrow-o02.svg\">\t\t\t\t\t<\/a>\n\t\t\t\t\t<\/div>\n\t\t\t\t\t\t\t<\/div>\n\t\t\t\t\t\t<\/div>\n\t\t\t\t<\/div>\n\t\t\t\t<\/div>\n\t\t\t\t\t<\/div>\n\t\t<\/div>\n\t\t\t\t<div class=\"elementor-column elementor-col-50 elementor-inner-column elementor-element elementor-element-a64f9ee\" data-id=\"a64f9ee\" data-element_type=\"column\">\n\t\t\t<div class=\"elementor-widget-wrap elementor-element-populated\">\n\t\t\t\t\t\t\t\t<div class=\"elementor-element elementor-element-8db7e8f elementor-cta--skin-cover font pro_card elementor-bg-transform elementor-bg-transform-zoom-in elementor-widget elementor-widget-call-to-action\" data-id=\"8db7e8f\" data-element_type=\"widget\" data-widget_type=\"call-to-action.default\">\n\t\t\t\t<div class=\"elementor-widget-container\">\n\t\t\t\t\t<div class=\"elementor-cta\">\n\t\t\t\t\t<div class=\"elementor-cta__bg-wrapper\">\n\t\t\t\t<div class=\"elementor-cta__bg elementor-bg\" style=\"background-image: url(https:\/\/stellarize.co.jp\/wp-content\/uploads\/2023\/08\/product_img06.jpg);\" role=\"img\" aria-label=\"product_img06\"><\/div>\n\t\t\t\t<div class=\"elementor-cta__bg-overlay\"><\/div>\n\t\t\t<\/div>\n\t\t\t\t\t\t\t<div class=\"elementor-cta__content\">\n\t\t\t\t\n\t\t\t\t<h2 class=\"elementor-cta__title elementor-cta__content-item elementor-content-item\">DISPOSITIVOS TECNOL\u00d3GICOS<\/h2>\n\t\t\t\t\n\t\t\t\t\t\t\t\t\t<div class=\"elementor-cta__button-wrapper elementor-cta__content-item elementor-content-item \">\n\t\t\t\t\t<a class=\"elementor-cta__button elementor-button elementor-size-sm\" href=\"\/es\/products\/sr7\/\">\n\t\t\t\t\t\tVer m\u00e1s<img decoding=\"async\" src=\"\/wp-content\/uploads\/2023\/08\/arrow-o02.svg\">\t\t\t\t\t<\/a>\n\t\t\t\t\t<\/div>\n\t\t\t\t\t\t\t<\/div>\n\t\t\t\t\t\t<\/div>\n\t\t\t\t<\/div>\n\t\t\t\t<\/div>\n\t\t\t\t\t<\/div>\n\t\t<\/div>\n\t\t\t\t\t\t\t<\/div>\n\t\t<\/section>\n\t\t\t\t\t<\/div>\n\t\t<\/div>\n\t\t\t\t\t\t\t<\/div>\n\t\t<\/section>\n\t\t\t\t\t\t\t<\/div>\n\t\t","protected":false},"excerpt":{"rendered":"<p>PRODUCTOS ACERCA DE NOSOTROS BAC-GOLD\u00ae NOTICIAS CONTACTO LISTA DE PRODUCTOS SALUD ANIMAL ACUACULTURA AGRICULTURA CUIDADO PERSONAL INDUSTRIAL DISPOSITIVOS TECNOL\u00d3GICOS PRODUCTOS STELLARIZE Inc., junto con sus socios est\u00e1 ampliando su cartera de productos de alta calidad e invirtiendo en investigaci\u00f3n y desarrollo de nuevas soluciones para ofrecer a nuestros clientes a nivel global. SALUD ANIMAL Ver [&hellip;]<\/p>\n","protected":false},"author":1,"featured_media":0,"parent":0,"menu_order":2,"comment_status":"closed","ping_status":"closed","template":"","meta":[],"acf":[],"_links":{"self":[{"href":"https:\/\/stellarize.co.jp\/es\/wp-json\/wp\/v2\/pages\/3515"}],"collection":[{"href":"https:\/\/stellarize.co.jp\/es\/wp-json\/wp\/v2\/pages"}],"about":[{"href":"https:\/\/stellarize.co.jp\/es\/wp-json\/wp\/v2\/types\/page"}],"author":[{"embeddable":true,"href":"https:\/\/stellarize.co.jp\/es\/wp-json\/wp\/v2\/users\/1"}],"replies":[{"embeddable":true,"href":"https:\/\/stellarize.co.jp\/es\/wp-json\/wp\/v2\/comments?post=3515"}],"version-history":[{"count":0,"href":"https:\/\/stellarize.co.jp\/es\/wp-json\/wp\/v2\/pages\/3515\/revisions"}],"wp:attachment":[{"href":"https:\/\/stellarize.co.jp\/es\/wp-json\/wp\/v2\/media?parent=3515"}],"curies":[{"name":"wp","href":"https:\/\/api.w.org\/{rel}","templated":true}]}}