{"id":3512,"date":"2023-08-07T10:10:47","date_gmt":"2023-08-07T01:10:47","guid":{"rendered":"https:\/\/stellarize.co.jp\/bac-gold\/"},"modified":"2023-11-15T10:23:55","modified_gmt":"2023-11-15T01:23:55","slug":"bac-gold","status":"publish","type":"page","link":"https:\/\/stellarize.co.jp\/es\/bac-gold\/","title":{"rendered":"BAC-GOLD"},"content":{"rendered":"\t\t<div data-elementor-type=\"wp-page\" data-elementor-id=\"3512\" class=\"elementor elementor-3512 elementor-455\" data-elementor-post-type=\"page\">\n\t\t\t\t\t\t\t\t\t<section class=\"elementor-section elementor-top-section elementor-element elementor-element-771121a elementor-section-full_width elementor-section-height-min-height elementor-section-height-default elementor-section-items-middle\" data-id=\"771121a\" data-element_type=\"section\" id=\"sub_bnr_section\" data-settings=\"{&quot;jet_parallax_layout_list&quot;:[],&quot;background_background&quot;:&quot;classic&quot;}\">\n\t\t\t\t\t\t<div class=\"elementor-container elementor-column-gap-default\">\n\t\t\t\t\t<div class=\"elementor-column elementor-col-100 elementor-top-column elementor-element elementor-element-8d415e8 sub_menu_wrap\" data-id=\"8d415e8\" data-element_type=\"column\">\n\t\t\t<div class=\"elementor-widget-wrap elementor-element-populated\">\n\t\t\t\t\t\t\t\t<div class=\"elementor-element elementor-element-5b2c9d4 font elementor-widget elementor-widget-html\" data-id=\"5b2c9d4\" data-element_type=\"widget\" data-widget_type=\"html.default\">\n\t\t\t\t<div class=\"elementor-widget-container\">\n\t\t\t<!-- sub-nav -->\r\n<div class=\"sub-nav\">\r\n    <div class=\"container\">\r\n        <div class=\"home-ico-box\">\r\n        <a href=\"\/es\/home\">\r\n        <svg width=\"19\" height=\"19\" fill=\"none\" xmlns=\"http:\/\/www.w3.org\/2000\/svg\"><path d=\"M15.833 15.834a.792.792 0 0 1-.792.791H3.958a.792.792 0 0 1-.792-.791V8.709H.791l8.176-7.433a.792.792 0 0 1 1.065 0l8.176 7.433h-2.375v7.125Zm-7.125-5.542v4.75h1.583v-4.75H8.708Z\" fill=\"#fff\"\/><\/svg>\r\n        <\/a>\r\n        <\/div>\r\n    <ul class=\"sub-nav-cont\">\r\n    <li class=\"sub-depth sub-no-bar\">\r\n    <a href=\"javascript:void(0);\">BAC-GOLD\u00ae \r\n    <svg xmlns=\"http:\/\/www.w3.org\/2000\/svg\" width=\"14\" height=\"15\" fill=\"none\"><path stroke=\"#fff\" stroke-linecap=\"round\" stroke-width=\"1.5\" d=\"m2.916 5.167 3.707 4.237a.5.5 0 0 0 .753 0l3.707-4.237\"\/><\/svg>\r\n\r\n    <\/a>\r\n    <ul class=\"sub-depth2\">\r\n        <li><a class=\"font\" href=\"\/es\/about-us\/\">ACERCA DE NOSOTROS<\/a><\/li>\r\n        <li><a class=\"font\" href=\"\/es\/products\/\">PRODUCTOS<\/a><\/li>\r\n        <li><a class=\"font\" href=\"\/es\/news\/\">NOTICIAS<\/a><\/li>\r\n        <li><a class=\"font\" href=\"\/es\/contact\/\">CONTACTO<\/a><\/li>\r\n    <\/ul>\r\n    <\/li>\r\n    <\/ul>\r\n    <\/div>\r\n<\/div>\r\n<!-- \/\/sub-nav -->\t\t<\/div>\n\t\t\t\t<\/div>\n\t\t\t\t\t<\/div>\n\t\t<\/div>\n\t\t\t\t\t\t\t<\/div>\n\t\t<\/section>\n\t\t\t\t<section class=\"elementor-section elementor-top-section elementor-element elementor-element-8151f4b elementor-section-boxed elementor-section-height-default elementor-section-height-default\" data-id=\"8151f4b\" data-element_type=\"section\" data-settings=\"{&quot;jet_parallax_layout_list&quot;:[]}\">\n\t\t\t\t\t\t<div class=\"elementor-container elementor-column-gap-default\">\n\t\t\t\t\t<div class=\"elementor-column elementor-col-100 elementor-top-column elementor-element elementor-element-2837185\" data-id=\"2837185\" data-element_type=\"column\">\n\t\t\t<div class=\"elementor-widget-wrap elementor-element-populated\">\n\t\t\t\t\t\t\t\t<div class=\"elementor-element elementor-element-564cb98 elementor-widget elementor-widget-image\" data-id=\"564cb98\" data-element_type=\"widget\" data-widget_type=\"image.default\">\n\t\t\t\t<div class=\"elementor-widget-container\">\n\t\t\t<style>\/*! elementor - v3.14.0 - 26-06-2023 *\/\n.elementor-widget-image{text-align:center}.elementor-widget-image a{display:inline-block}.elementor-widget-image a img[src$=\".svg\"]{width:48px}.elementor-widget-image img{vertical-align:middle;display:inline-block}<\/style>\t\t\t\t\t\t\t\t\t\t\t\t<img decoding=\"async\" width=\"317\" height=\"100\" src=\"https:\/\/stellarize.co.jp\/wp-content\/uploads\/2023\/08\/BAC-GOLD_img01.svg\" class=\"attachment-full size-full wp-image-3119\" alt=\"\" loading=\"lazy\" \/>\t\t\t\t\t\t\t\t\t\t\t\t\t\t\t<\/div>\n\t\t\t\t<\/div>\n\t\t\t\t<div class=\"elementor-element elementor-element-dc2dc0a font elementor-widget elementor-widget-text-editor\" data-id=\"dc2dc0a\" data-element_type=\"widget\" data-widget_type=\"text-editor.default\">\n\t\t\t\t<div class=\"elementor-widget-container\">\n\t\t\t<style>\/*! elementor - v3.14.0 - 26-06-2023 *\/\n.elementor-widget-text-editor.elementor-drop-cap-view-stacked .elementor-drop-cap{background-color:#69727d;color:#fff}.elementor-widget-text-editor.elementor-drop-cap-view-framed .elementor-drop-cap{color:#69727d;border:3px solid;background-color:transparent}.elementor-widget-text-editor:not(.elementor-drop-cap-view-default) .elementor-drop-cap{margin-top:8px}.elementor-widget-text-editor:not(.elementor-drop-cap-view-default) .elementor-drop-cap-letter{width:1em;height:1em}.elementor-widget-text-editor .elementor-drop-cap{float:left;text-align:center;line-height:1;font-size:50px}.elementor-widget-text-editor .elementor-drop-cap-letter{display:inline-block}<\/style>\t\t\t\tProbi\u00f3tico termo resistente para mejorar tu negocio\t\t\t\t\t\t<\/div>\n\t\t\t\t<\/div>\n\t\t\t\t<div class=\"elementor-element elementor-element-e9c1367 font elementor-widget elementor-widget-text-editor\" data-id=\"e9c1367\" data-element_type=\"widget\" data-widget_type=\"text-editor.default\">\n\t\t\t\t<div class=\"elementor-widget-container\">\n\t\t\t\t\t\t\tNuestro Producto contiene una combinaci\u00f3n de cepas de bacilos y se pueden mezclar con otras cepas, prebi\u00f3ticos, vitaminas y enzimas.<br class=\"br04\" \/>Todas estas cepas est\u00e1n incluidas en la lista QPS.\nBAC-GOLD\u00ae  fue desarrollado para los siguientes campos; Agricultura, Ganader\u00eda, Acuacultura, Compostaje, y seguimos el invirtiendo en el desarrollo cient\u00edfico de nuevas aplicaciones con la idea de brindar un producto altamente calificado a nuestros clientes.\t\t\t\t\t\t<\/div>\n\t\t\t\t<\/div>\n\t\t\t\t<section class=\"elementor-section elementor-inner-section elementor-element elementor-element-b8d9f95 elementor-section-full_width elementor-section-height-default elementor-section-height-default elementor-invisible\" data-id=\"b8d9f95\" data-element_type=\"section\" data-settings=\"{&quot;jet_parallax_layout_list&quot;:[],&quot;animation&quot;:&quot;fadeIn&quot;}\">\n\t\t\t\t\t\t<div class=\"elementor-container elementor-column-gap-default\">\n\t\t\t\t\t<div class=\"elementor-column elementor-col-50 elementor-inner-column elementor-element elementor-element-897ab9b\" data-id=\"897ab9b\" data-element_type=\"column\">\n\t\t\t<div class=\"elementor-widget-wrap elementor-element-populated\">\n\t\t\t\t\t\t\t\t<div class=\"elementor-element elementor-element-378f760 elementor-cta--skin-cover font pro_card elementor-bg-transform elementor-bg-transform-zoom-in elementor-widget elementor-widget-call-to-action\" data-id=\"378f760\" data-element_type=\"widget\" data-widget_type=\"call-to-action.default\">\n\t\t\t\t<div class=\"elementor-widget-container\">\n\t\t\t<link rel=\"stylesheet\" href=\"https:\/\/stellarize.co.jp\/wp-content\/plugins\/elementor-pro\/assets\/css\/widget-call-to-action.min.css\">\t\t<div class=\"elementor-cta\">\n\t\t\t\t\t<div class=\"elementor-cta__bg-wrapper\">\n\t\t\t\t<div class=\"elementor-cta__bg elementor-bg\" style=\"background-image: url(https:\/\/stellarize.co.jp\/wp-content\/uploads\/2023\/08\/product_img01-1.jpg);\" role=\"img\" aria-label=\"product_img01-1\"><\/div>\n\t\t\t\t<div class=\"elementor-cta__bg-overlay\"><\/div>\n\t\t\t<\/div>\n\t\t\t\t\t\t\t<div class=\"elementor-cta__content\">\n\t\t\t\t\n\t\t\t\t<h2 class=\"elementor-cta__title elementor-cta__content-item elementor-content-item\">BAC-GOLD\u00ae P<\/h2>\n\t\t\t\t\t\t\t\t\t<div class=\"elementor-cta__description elementor-cta__content-item elementor-content-item\">\n\t\t\t\t\t\tAVES\n\t\t\t\t\t<\/div>\n\t\t\t\t\n\t\t\t\t\t\t\t\t\t<div class=\"elementor-cta__button-wrapper elementor-cta__content-item elementor-content-item \">\n\t\t\t\t\t<a class=\"elementor-cta__button elementor-button elementor-size-sm\" href=\"\/es\/products\/bac-gold-p\/\">\n\t\t\t\t\t\tVer M\u00e1s<img decoding=\"async\" src=\"\/wp-content\/uploads\/2023\/08\/arrow-o02.svg\">\t\t\t\t\t<\/a>\n\t\t\t\t\t<\/div>\n\t\t\t\t\t\t\t<\/div>\n\t\t\t\t\t\t<\/div>\n\t\t\t\t<\/div>\n\t\t\t\t<\/div>\n\t\t\t\t\t<\/div>\n\t\t<\/div>\n\t\t\t\t<div class=\"elementor-column elementor-col-50 elementor-inner-column elementor-element elementor-element-dfc8fcc\" data-id=\"dfc8fcc\" data-element_type=\"column\">\n\t\t\t<div class=\"elementor-widget-wrap elementor-element-populated\">\n\t\t\t\t\t\t\t\t<div class=\"elementor-element elementor-element-030dd5d elementor-cta--skin-cover font pro_card elementor-bg-transform elementor-bg-transform-zoom-in elementor-widget elementor-widget-call-to-action\" data-id=\"030dd5d\" data-element_type=\"widget\" data-widget_type=\"call-to-action.default\">\n\t\t\t\t<div class=\"elementor-widget-container\">\n\t\t\t\t\t<div class=\"elementor-cta\">\n\t\t\t\t\t<div class=\"elementor-cta__bg-wrapper\">\n\t\t\t\t<div class=\"elementor-cta__bg elementor-bg\" style=\"background-image: url(https:\/\/stellarize.co.jp\/wp-content\/uploads\/2023\/08\/product_img02.jpg);\" role=\"img\" aria-label=\"product_img02\"><\/div>\n\t\t\t\t<div class=\"elementor-cta__bg-overlay\"><\/div>\n\t\t\t<\/div>\n\t\t\t\t\t\t\t<div class=\"elementor-cta__content\">\n\t\t\t\t\n\t\t\t\t<h2 class=\"elementor-cta__title elementor-cta__content-item elementor-content-item\">BAC-GOLD\u00ae Aqua<\/h2>\n\t\t\t\t\t\t\t\t\t<div class=\"elementor-cta__description elementor-cta__content-item elementor-content-item\">\n\t\t\t\t\t\tACUACULTURA \n\t\t\t\t\t<\/div>\n\t\t\t\t\n\t\t\t\t\t\t\t\t\t<div class=\"elementor-cta__button-wrapper elementor-cta__content-item elementor-content-item \">\n\t\t\t\t\t<a class=\"elementor-cta__button elementor-button elementor-size-sm\" href=\"\/es\/products\/bac-gold-aqua\/\">\n\t\t\t\t\t\tVer M\u00e1s<img decoding=\"async\" src=\"\/wp-content\/uploads\/2023\/08\/arrow-o02.svg\">\t\t\t\t\t<\/a>\n\t\t\t\t\t<\/div>\n\t\t\t\t\t\t\t<\/div>\n\t\t\t\t\t\t<\/div>\n\t\t\t\t<\/div>\n\t\t\t\t<\/div>\n\t\t\t\t\t<\/div>\n\t\t<\/div>\n\t\t\t\t\t\t\t<\/div>\n\t\t<\/section>\n\t\t\t\t<section class=\"elementor-section elementor-inner-section elementor-element elementor-element-6998276 elementor-section-full_width elementor-section-height-default elementor-section-height-default elementor-invisible\" data-id=\"6998276\" data-element_type=\"section\" data-settings=\"{&quot;jet_parallax_layout_list&quot;:[],&quot;animation&quot;:&quot;fadeIn&quot;}\">\n\t\t\t\t\t\t<div class=\"elementor-container elementor-column-gap-default\">\n\t\t\t\t\t<div class=\"elementor-column elementor-col-50 elementor-inner-column elementor-element elementor-element-f741733\" data-id=\"f741733\" data-element_type=\"column\">\n\t\t\t<div class=\"elementor-widget-wrap elementor-element-populated\">\n\t\t\t\t\t\t\t\t<div class=\"elementor-element elementor-element-411161b elementor-cta--skin-cover font pro_card elementor-bg-transform elementor-bg-transform-zoom-in elementor-widget elementor-widget-call-to-action\" data-id=\"411161b\" data-element_type=\"widget\" data-widget_type=\"call-to-action.default\">\n\t\t\t\t<div class=\"elementor-widget-container\">\n\t\t\t\t\t<div class=\"elementor-cta\">\n\t\t\t\t\t<div class=\"elementor-cta__bg-wrapper\">\n\t\t\t\t<div class=\"elementor-cta__bg elementor-bg\" style=\"background-image: url(https:\/\/stellarize.co.jp\/wp-content\/uploads\/2023\/08\/BAC-GOLD_img02.jpg);\" role=\"img\" aria-label=\"BAC-GOLD_img02\"><\/div>\n\t\t\t\t<div class=\"elementor-cta__bg-overlay\"><\/div>\n\t\t\t<\/div>\n\t\t\t\t\t\t\t<div class=\"elementor-cta__content\">\n\t\t\t\t\n\t\t\t\t<h2 class=\"elementor-cta__title elementor-cta__content-item elementor-content-item\">BAC-GOLD\u00ae BS<\/h2>\n\t\t\t\t\t\t\t\t\t<div class=\"elementor-cta__description elementor-cta__content-item elementor-content-item\">\n\t\t\t\t\t\tBIOSTIMULANTE & <br> FERTILIZANTE ORG\u00c1NICO\t\t\t\t\t<\/div>\n\t\t\t\t\n\t\t\t\t\t\t\t\t\t<div class=\"elementor-cta__button-wrapper elementor-cta__content-item elementor-content-item \">\n\t\t\t\t\t<a class=\"elementor-cta__button elementor-button elementor-size-sm\" href=\"\/es\/products\/bac-gold-bs\/\">\n\t\t\t\t\t\tVer M\u00e1s<img decoding=\"async\" src=\"\/wp-content\/uploads\/2023\/08\/arrow-o02.svg\">\t\t\t\t\t<\/a>\n\t\t\t\t\t<\/div>\n\t\t\t\t\t\t\t<\/div>\n\t\t\t\t\t\t<\/div>\n\t\t\t\t<\/div>\n\t\t\t\t<\/div>\n\t\t\t\t\t<\/div>\n\t\t<\/div>\n\t\t\t\t<div class=\"elementor-column elementor-col-50 elementor-inner-column elementor-element elementor-element-ccc8c4f\" data-id=\"ccc8c4f\" data-element_type=\"column\">\n\t\t\t<div class=\"elementor-widget-wrap elementor-element-populated\">\n\t\t\t\t\t\t\t\t<div class=\"elementor-element elementor-element-5f2229a elementor-cta--skin-cover font pro_card elementor-bg-transform elementor-bg-transform-zoom-in elementor-widget elementor-widget-call-to-action\" data-id=\"5f2229a\" data-element_type=\"widget\" data-widget_type=\"call-to-action.default\">\n\t\t\t\t<div class=\"elementor-widget-container\">\n\t\t\t\t\t<div class=\"elementor-cta\">\n\t\t\t\t\t<div class=\"elementor-cta__bg-wrapper\">\n\t\t\t\t<div class=\"elementor-cta__bg elementor-bg\" style=\"background-image: url(https:\/\/stellarize.co.jp\/wp-content\/uploads\/2023\/08\/BAC-GOLD_img03.jpg);\" role=\"img\" aria-label=\"BAC-GOLD_img03\"><\/div>\n\t\t\t\t<div class=\"elementor-cta__bg-overlay\"><\/div>\n\t\t\t<\/div>\n\t\t\t\t\t\t\t<div class=\"elementor-cta__content\">\n\t\t\t\t\n\t\t\t\t<h2 class=\"elementor-cta__title elementor-cta__content-item elementor-content-item\">BAC-GOLD\u00ae CP<\/h2>\n\t\t\t\t\t\t\t\t\t<div class=\"elementor-cta__description elementor-cta__content-item elementor-content-item\">\n\t\t\t\t\t\tCOMPOSTAJE \t\t\t\t\t<\/div>\n\t\t\t\t\n\t\t\t\t\t\t\t<\/div>\n\t\t\t\t\t\t<\/div>\n\t\t\t\t<\/div>\n\t\t\t\t<\/div>\n\t\t\t\t\t<\/div>\n\t\t<\/div>\n\t\t\t\t\t\t\t<\/div>\n\t\t<\/section>\n\t\t\t\t\t<\/div>\n\t\t<\/div>\n\t\t\t\t\t\t\t<\/div>\n\t\t<\/section>\n\t\t\t\t\t\t\t<\/div>\n\t\t","protected":false},"excerpt":{"rendered":"<p>BAC-GOLD\u00ae ACERCA DE NOSOTROS PRODUCTOS NOTICIAS CONTACTO Probi\u00f3tico termo resistente para mejorar tu negocioNuestro Producto contiene una combinaci\u00f3n de cepas de bacilos y se pueden mezclar con otras cepas, prebi\u00f3ticos, vitaminas y enzimas.Todas estas cepas est\u00e1n incluidas en la lista QPS. BAC-GOLD\u00ae fue desarrollado para los siguientes campos; Agricultura, Ganader\u00eda, Acuacultura, Compostaje, y seguimos el [&hellip;]<\/p>\n","protected":false},"author":1,"featured_media":0,"parent":0,"menu_order":3,"comment_status":"closed","ping_status":"closed","template":"","meta":[],"acf":[],"_links":{"self":[{"href":"https:\/\/stellarize.co.jp\/es\/wp-json\/wp\/v2\/pages\/3512"}],"collection":[{"href":"https:\/\/stellarize.co.jp\/es\/wp-json\/wp\/v2\/pages"}],"about":[{"href":"https:\/\/stellarize.co.jp\/es\/wp-json\/wp\/v2\/types\/page"}],"author":[{"embeddable":true,"href":"https:\/\/stellarize.co.jp\/es\/wp-json\/wp\/v2\/users\/1"}],"replies":[{"embeddable":true,"href":"https:\/\/stellarize.co.jp\/es\/wp-json\/wp\/v2\/comments?post=3512"}],"version-history":[{"count":0,"href":"https:\/\/stellarize.co.jp\/es\/wp-json\/wp\/v2\/pages\/3512\/revisions"}],"wp:attachment":[{"href":"https:\/\/stellarize.co.jp\/es\/wp-json\/wp\/v2\/media?parent=3512"}],"curies":[{"name":"wp","href":"https:\/\/api.w.org\/{rel}","templated":true}]}}